{"id":11,"date":"2016-06-18T10:02:45","date_gmt":"2016-06-18T10:02:45","guid":{"rendered":"http:\/\/praktijkrelease.nl\/?page_id=11"},"modified":"2025-12-19T12:48:48","modified_gmt":"2025-12-19T12:48:48","slug":"sensi-therapie","status":"publish","type":"page","link":"https:\/\/praktijkrelease.nl\/index.php\/sensi-therapie\/","title":{"rendered":"Sensi PLUS Therapie Inhoudelijk"},"content":{"rendered":"\n<p><\/p>\n\n\n<p><strong>Praktijk Release is NIBIG geregistreerd<\/strong> ( Nederlands Instituut voor Belangenbehartiging Integrale Gezondheidszorg) <strong>onder nummer 528719.<\/strong><\/p>\n<p><a href=\"http:\/\/praktijkrelease.nl\/wp-content\/uploads\/2016\/06\/Schildje-NIBIG.jpg\"><img loading=\"lazy\" decoding=\"async\" class=\"alignnone size-medium wp-image-188\" src=\"http:\/\/praktijkrelease.nl\/wp-content\/uploads\/2016\/06\/Schildje-NIBIG-300x52.jpg\" alt=\"Schildje NIBIG\" width=\"300\" height=\"52\" srcset=\"https:\/\/praktijkrelease.nl\/wp-content\/uploads\/2016\/06\/Schildje-NIBIG-300x52.jpg 300w, https:\/\/praktijkrelease.nl\/wp-content\/uploads\/2016\/06\/Schildje-NIBIG-768x132.jpg 768w, https:\/\/praktijkrelease.nl\/wp-content\/uploads\/2016\/06\/Schildje-NIBIG-1024x176.jpg 1024w, https:\/\/praktijkrelease.nl\/wp-content\/uploads\/2016\/06\/Schildje-NIBIG-604x104.jpg 604w, https:\/\/praktijkrelease.nl\/wp-content\/uploads\/2016\/06\/Schildje-NIBIG.jpg 1202w\" sizes=\"auto, (max-width: 300px) 100vw, 300px\" \/><\/a><\/p>\n<h1>Snel emotionele thema\u2019s en klachten die daaruit voortvloeien aanpakken<\/h1>\n<p>Wat niet in het lichaam thuishoort \u2013 eruit halen<br \/>Wat te kort is \u2013 aanvullen<br \/>Behandelen zodat balans ontstaat<\/p>\n<h2>Therapie<strong> inhoudelijk:<\/strong><\/h2>\n<p>Sensi therapie bestaat uit diverse therapievormen en gaat er vanuit dat alle klachten die wij hebben, zowel geestelijk als lichamelijk, zijn ontstaan uit een verstoring van de aura ofwel het energetisch lichaam. Deze kunnen veroorzaakt zijn door bijv. negatieve gebeurtenissen, angsten, emoties, trauma\u2019s maar ook door onbewust overgenomen angsten van onze ouders; thema\u2019s die soms generaties lang blijven spelen. De behandeling kan bestaan uit \u00e9\u00e9n of meerdere alternatieve therapie\u00ebn die op dat moment nodig zijn.\u00a0<\/p>\n<h2>Voor wie:<\/h2>\n<p>Een ieder die lichamelijke en\/of psychische klachten heeft, maar ook bijv. \u201cgedragsproblemen\u201d<\/p>\n<p>Een groot aantal kinderen en volwassenen\u00a0\u00a0heeft\u00a0\u00a0last van overgevoeligheden voor voeding, indrukken uit de omgeving, enz. Denk hierbij naast allerlei lichamelijke of psychische vaak onverklaarbare klachten ook aan Autisme, ADHD, HSP of\u00a0\u00a0Nieuwetijdskinderen. Sensi therapie is gericht op de vragen van deze tijd.<\/p>\n<p>De 1-e behandeling\u00a0duurt minimaal 1.5 uur, welke therapievorm u ontvangt is afhankelijk van\u00a0hetgeen zich tijdens\u00a0het consult\u00a0voordoet.<br \/>Vervolg behandelingen zijn wat korter. Gemiddeld zijn er in totaal 2-4 behandelingen nodig per persoon. Tijdens de behandeling meet ik je uit met een pendel. Het streven is een zo groot mogelijk effect in zo weinig mogelijk behandelingen te bewerkstelligen! Het is een mens-\u00a0\u00a0en vooral ook kindvriendelijke behandelmethode. Een korte omschrijving van de diverse behandeltherapie\u00ebn volgt hieronder.<\/p>\n<p>Sensi therapie behandelt de hele mens en niet alleen zijn ziekte !<\/p>\n<h2>Harmonie protocol<\/h2>\n<p>Diverse grepen aan benen en armen\/handen, waardoor meridiaanpunten worden verbonden. Dit zorgt ervoor dat er evenwicht komt in lichaam en geest.<\/p>\n<h2>Burn-out protocol<\/h2>\n<p>Als ik bij u een burnout percentage meet van meer dan 40% is het raadzaam dit protocol toe te passen. Ook geef ik u voedingsadviezen.<br \/>Een burnout geeft vaak gewichtsverlies, door de hoge concentratie aan adrenaline worden uw reserves op gebruikt. Het is zaak dit te stoppen en weer reserves te gaan opbouwen.<\/p>\n<h2>Drukpunt-massage<\/h2>\n<p>Ons lichaam is net een boek wat je kunt lezen. Op het lichaam zitten bepaalde meridiaanpunten. Wanneer deze pijnlijk zijn bij aanraking met lichte druk dan kan er gekeken worden welk thema hier achter ligt. Vaak is het zo dat door bewustwording van je thema\u00a0de pijn al kan verminderen.<\/p>\n<h2>Holistic pulsing<\/h2>\n<p>Wanneer er in het lichaam blokkades zitten kunnen deze door wiegen of zacht schudden losgemaakt worden en kan de energie weer door ons lichaam stromen.<\/p>\n<h2>EFT (Emotional Freedom Techniek)<\/h2>\n<p>Deze techniek maakt gebruik van het door Dr. Callahan ontwikkelde systeem voor het vrijmaken van emotionele lading zoals angst, schuld, verdriet, trauma e.d. Ook hier weer, eenvoudig en effectief in het gebruik. De Emotional Freedom Techniek komt uit Amerika. Het is een zeer snel werkende kloptechniek op meridiaan punten, gericht op emotionele lading zoals angst, verdriet, trauma\u2019s e.d.<\/p>\n<h2>Edelstenen therapie<\/h2>\n<p>Er gaat een sterkte energetische werking uit van edelstenen.<br \/>Ze kunnen o.a. dienen als bescherming, je eigenwaarde versterken, je energie en balans geven en genezing bevorderen.<\/p>\n<h2>Therapievormen uit de Sensi Plus opleiding\u00a0<\/h2>\n<h2><strong>Verzamelpuntcorrectie<\/strong> \u2013 <strong>het bepalen en terugplaatsen van het verzamelpunt<\/strong><\/h2>\n<ul>\n<li><strong>Energie verhogen<\/strong> \u2013 het herstellen van de levensenergiebalans<\/li>\n<li><strong>Pijnpuntenhechting<\/strong> \u2013 het afwerken van pijn op het moment dat de psychische achtergrond geaccepteerd wordt<\/li>\n<li><strong>Voetreflex<\/strong> \u2013 het onderdeel reflexpunten van de ruggengraat<\/li>\n<li><strong>Sensi Belly protocol<\/strong> \u2013 opgelopen spanning in de darmen verminderen\/oplossen<\/li>\n<li><strong>Sensi Stress Release<\/strong> \u2013 het oplossen van problemen (trauma), herinnering, vorige levens<\/li>\n<\/ul>\n<h2>Sensiremedies<br \/>Voedingssupplementen<br \/>Orthomoleculair en di\u00ebten.<\/h2>\n<p>Vaak zijn er naast de diverse behandel methoden\u00a0Sensiremedies nodig om het proces wat in je begonnen is te ondersteunen zodat de effectiviteit groter is. Het lichaam kan ook vol zitten met giftige stoffen (tgv inentingen, voeding enz) en door middel van diverse\u00a0remedies en di\u00ebten kan het lichaam de mogelijkheid krijgen om te ontgiften zodat de balans hersteld kan worden. Ook kan sprake zijn van een tekort aan bepaalde stoffen en is er aanvulling nodig.<\/p>\n<h2>Bij welke klachten is Sensi therapie zinvol??<\/h2>\n<p>ADHD-ADD-Autisme-Alopecia-Burnout-Buikpijn-Ziekte van Crohn-Covid-19 bescherming-CVS-Cystenieren-Depressie-Diabetes- Duizelig zijn-Electro Hyper Sensitivity (E.H.S.)-Erectiestoornissen-Galstenen-Hechtingsstoornis-Hoofdpijn-Hypoglycemie-HSP-Fibromyalgie-Moeheid-Lusteloosheid-Overgevoeligheid-Angsten-Allergie\u00ebn-Eczeem-Jezelf niet zijn. Stress-Hooggevoeligheid ( H.S.P) -M.C.S.-Prikkelbaar Darm Syndroom- Kneuzingen-Leaky-gut(darmen)-Maagzuur-Multiple Chemical Sensitivity-Restless legs-Rugpijn-PTSS-Reuma-Schildklierafwijking-Slaapproblemen-Trauma\u2019s-Uitgeputte bijnier-Vaccinschade &#8211; Verstuiking-Spierklachten-Wondroos.<\/p>\n<h2>Kosten Sensibehandeling<\/h2>\n<p>De kosten voor een consult zijn 75 euro per uur.<\/p>\n<p>Het kan zijn dat voor u uitgemeten Sensi remedies de prijs verhogen met 20 euro per flesje, sommige middelen zijn duurder. Max. 3 middelen tegelijk kunnen worden voorgeschreven.<br \/>Je rekent na het consult met mij af, pinnen is mogelijk, en je krijgt achteraf via mail een factuur. Het is aan te bevelen deze factuur mee te nemen in de belastingaangifte als zijnde extra gemaakte medische kosten.<\/p>\n<p>Als je bij verhindering de afspraak tenminste 24 uur vooraf afzegt worden er geen kosten in rekening gebracht.<\/p>\n\n\n<p><strong>Aanvullende methode:  <\/strong><\/p>\n\n\n\n<p>Met de\u00a0<strong>Levensthema Transformatie Methode, LTM<\/strong>\u00a0is het mogelijk, zelfs op afstand te werken op de belangrijkste thema\u2019s in uw leven.<br>De thema\u2019s\/trauma\u2019s die verantwoordelijk zijn voor klachten en ziekten.<\/p>\n\n\n\n<p>Als deze thema\u2019s getransformeerd worden en uit uw energetisch systeem verwijderd dan kan de zelfgenezing plaatsvinden. Meting via uw hoger zelf, natuurlijk met uw toestemming, reikt mij de benodigde informatie aan. Thema- en emotielijsten helpen om tot de kern te komen.<\/p>\n\n\n\n<p>De oorsprong van het thema wordt bepaald, vorige levens geven evengoed belastingen dus deze worden ook meegenomen.&nbsp;<\/p>\n\n\n\n<p>Als het plaatje per thema compleet is en de vraag om transformatie en verwijdering met een JA beantwoordt kan met de pendel de transformatie en verwijdering in gang gezet worden.<br>Het is een fijne en bijzonder snelle manier om verandering te voelen.&nbsp;<\/p>\n\n\n\n<p>Probeer het eens en overtuig uzelf, het is veel makkelijker dan u denkt!!<\/p>\n\n\n\n<p>Waarde: \u20ac 75,00 per uur<\/p>\n\n\n\n<p><\/p>\n","protected":false},"excerpt":{"rendered":"<p>Praktijk Release is NIBIG geregistreerd ( Nederlands Instituut voor Belangenbehartiging Integrale Gezondheidszorg) onder nummer 528719. Snel emotionele thema\u2019s en klachten die daaruit voortvloeien aanpakken Wat niet in het lichaam thuishoort \u2013 eruit halenWat te kort is \u2013 aanvullenBehandelen zodat balans ontstaat Therapie inhoudelijk: Sensi therapie bestaat uit diverse therapievormen en gaat er vanuit dat alle klachten die wij hebben, zowel geestelijk als lichamelijk, zijn ontstaan uit een verstoring van de aura ofwel het energetisch lichaam. Deze kunnen veroorzaakt zijn door&#8230;<\/p>\n<p class=\"read-more\"><a class=\"btn btn-default\" href=\"https:\/\/praktijkrelease.nl\/index.php\/sensi-therapie\/\"> Read More<span class=\"screen-reader-text\">  Read More<\/span><\/a><\/p>\n","protected":false},"author":2,"featured_media":0,"parent":0,"menu_order":0,"comment_status":"closed","ping_status":"closed","template":"","meta":{"_monsterinsights_skip_tracking":false,"_monsterinsights_sitenote_active":false,"_monsterinsights_sitenote_note":"","_monsterinsights_sitenote_category":0,"footnotes":""},"class_list":["post-11","page","type-page","status-publish","hentry"],"_links":{"self":[{"href":"https:\/\/praktijkrelease.nl\/index.php\/wp-json\/wp\/v2\/pages\/11","targetHints":{"allow":["GET"]}}],"collection":[{"href":"https:\/\/praktijkrelease.nl\/index.php\/wp-json\/wp\/v2\/pages"}],"about":[{"href":"https:\/\/praktijkrelease.nl\/index.php\/wp-json\/wp\/v2\/types\/page"}],"author":[{"embeddable":true,"href":"https:\/\/praktijkrelease.nl\/index.php\/wp-json\/wp\/v2\/users\/2"}],"replies":[{"embeddable":true,"href":"https:\/\/praktijkrelease.nl\/index.php\/wp-json\/wp\/v2\/comments?post=11"}],"version-history":[{"count":38,"href":"https:\/\/praktijkrelease.nl\/index.php\/wp-json\/wp\/v2\/pages\/11\/revisions"}],"predecessor-version":[{"id":597,"href":"https:\/\/praktijkrelease.nl\/index.php\/wp-json\/wp\/v2\/pages\/11\/revisions\/597"}],"wp:attachment":[{"href":"https:\/\/praktijkrelease.nl\/index.php\/wp-json\/wp\/v2\/media?parent=11"}],"curies":[{"name":"wp","href":"https:\/\/api.w.org\/{rel}","templated":true}]}}